{"id":65,"date":"2024-08-14T11:57:06","date_gmt":"2024-08-14T11:57:06","guid":{"rendered":"https:\/\/databright.es\/?page_id=65"},"modified":"2024-08-19T12:51:41","modified_gmt":"2024-08-19T12:51:41","slug":"servivio","status":"publish","type":"page","link":"https:\/\/databright.es\/index.php\/servivio\/","title":{"rendered":"SERVIVIO"},"content":{"rendered":"\n<figure class=\"wp-block-image aligncenter size-large is-resized\"><img loading=\"lazy\" decoding=\"async\" width=\"1024\" height=\"460\" src=\"https:\/\/databright.es\/wp-content\/uploads\/2024\/08\/NUEVA-WEB-DATA-BRIGHT-14-1024x460.png\" alt=\"\" class=\"wp-image-84\" style=\"width:347px;height:auto\" srcset=\"https:\/\/databright.es\/wp-content\/uploads\/2024\/08\/NUEVA-WEB-DATA-BRIGHT-14-1024x460.png 1024w, https:\/\/databright.es\/wp-content\/uploads\/2024\/08\/NUEVA-WEB-DATA-BRIGHT-14-300x135.png 300w, https:\/\/databright.es\/wp-content\/uploads\/2024\/08\/NUEVA-WEB-DATA-BRIGHT-14-768x345.png 768w, https:\/\/databright.es\/wp-content\/uploads\/2024\/08\/NUEVA-WEB-DATA-BRIGHT-14.png 1366w\" sizes=\"auto, (max-width: 1024px) 100vw, 1024px\" \/><\/figure>\n\n\n\n<div class=\"wp-block-group alignfull has-global-padding is-layout-constrained wp-container-core-group-is-layout-1257c590 wp-block-group-is-layout-constrained\" style=\"margin-top:0;margin-bottom:0;padding-top:5.51rem;padding-right:1rem;padding-bottom:3rem;padding-left:1rem\">\n<div class=\"wp-block-group alignwide has-global-padding is-layout-constrained wp-container-core-group-is-layout-1cf432e6 wp-block-group-is-layout-constrained\" style=\"margin-top:1.01rem\">\n<div class=\"wp-block-columns alignwide is-layout-flex wp-container-core-columns-is-layout-85231905 wp-block-columns-is-layout-flex\">\n<div class=\"wp-block-column has-global-padding is-content-justification-center is-layout-constrained wp-container-core-column-is-layout-412b4476 wp-block-column-is-layout-constrained\" style=\"padding-bottom:2rem\">\n<div class=\"wp-block-group has-global-padding is-layout-constrained wp-container-core-group-is-layout-668d2085 wp-block-group-is-layout-constrained\">\n<figure class=\"wp-block-image aligncenter size-full is-resized\"><a href=\"https:\/\/databright.es\/index.php\/controladoras\/\"><img loading=\"lazy\" decoding=\"async\" width=\"1920\" height=\"1080\" src=\"https:\/\/databright.es\/wp-content\/uploads\/2024\/08\/data-bright-1.png\" alt=\"\" class=\"wp-image-67\" style=\"width:322px;height:auto\" srcset=\"https:\/\/databright.es\/wp-content\/uploads\/2024\/08\/data-bright-1.png 1920w, https:\/\/databright.es\/wp-content\/uploads\/2024\/08\/data-bright-1-300x169.png 300w, https:\/\/databright.es\/wp-content\/uploads\/2024\/08\/data-bright-1-1024x576.png 1024w, https:\/\/databright.es\/wp-content\/uploads\/2024\/08\/data-bright-1-768x432.png 768w, https:\/\/databright.es\/wp-content\/uploads\/2024\/08\/data-bright-1-1536x864.png 1536w\" sizes=\"auto, (max-width: 1920px) 100vw, 1920px\" \/><\/a><\/figure>\n\n\n\n<h5 class=\"wp-block-heading has-text-align-center has-text-color\" style=\"color:#000000;font-size:clamp(1.044rem, 1.044rem + ((1vw - 0.2rem) * 1.029), 1.61rem);font-style:normal;font-weight:600;line-height:1.4;text-transform:none\">CONTROLADORAS<\/h5>\n<\/div>\n\n\n\n<div class=\"wp-block-group has-global-padding is-layout-constrained wp-container-core-group-is-layout-4f9f0532 wp-block-group-is-layout-constrained\">\n<p class=\"has-text-align-center has-text-color has-work-sans-regular-font-family\" style=\"color:#252525;margin-top:0rem;font-size:clamp(0.875rem, 0.875rem + ((1vw - 0.2rem) * 0.045), 0.9rem);font-style:normal;font-weight:400;line-height:1.5\">Garantizan el m\u00e1ximo rendimiento y una visualizaci\u00f3n impecable en tus pantallas LED.<\/p>\n<\/div>\n<\/div>\n\n\n\n<div class=\"wp-block-column has-global-padding is-layout-constrained wp-container-core-column-is-layout-a3af4fe5 wp-block-column-is-layout-constrained\" style=\"padding-bottom:2rem\">\n<div class=\"wp-block-group has-global-padding is-layout-constrained wp-container-core-group-is-layout-668d2085 wp-block-group-is-layout-constrained\">\n<figure class=\"wp-block-image aligncenter size-full is-resized\"><img loading=\"lazy\" decoding=\"async\" width=\"1920\" height=\"1080\" src=\"https:\/\/databright.es\/wp-content\/uploads\/2024\/08\/data-bright-2.png\" alt=\"\" class=\"wp-image-68\" style=\"width:324px;height:auto\" srcset=\"https:\/\/databright.es\/wp-content\/uploads\/2024\/08\/data-bright-2.png 1920w, https:\/\/databright.es\/wp-content\/uploads\/2024\/08\/data-bright-2-300x169.png 300w, https:\/\/databright.es\/wp-content\/uploads\/2024\/08\/data-bright-2-1024x576.png 1024w, https:\/\/databright.es\/wp-content\/uploads\/2024\/08\/data-bright-2-768x432.png 768w, https:\/\/databright.es\/wp-content\/uploads\/2024\/08\/data-bright-2-1536x864.png 1536w\" sizes=\"auto, (max-width: 1920px) 100vw, 1920px\" \/><\/figure>\n\n\n\n<h5 class=\"wp-block-heading has-text-align-center has-text-color\" style=\"color:#000000;font-size:clamp(1.044rem, 1.044rem + ((1vw - 0.2rem) * 1.029), 1.61rem);font-style:normal;font-weight:600;line-height:1.4;text-transform:none\">FUENTES<\/h5>\n<\/div>\n\n\n\n<div class=\"wp-block-group has-global-padding is-layout-constrained wp-container-core-group-is-layout-4f9f0532 wp-block-group-is-layout-constrained\">\n<p class=\"has-text-align-center has-text-color has-work-sans-regular-font-family\" style=\"color:#252525;margin-top:0rem;font-size:clamp(0.875rem, 0.875rem + ((1vw - 0.2rem) * 0.064), 0.91rem);font-style:normal;font-weight:400;line-height:1.5\">Dise\u00f1ados para maximizar la eficiencia, garantizan una operaci\u00f3n sin fallos en cualquier instalaci\u00f3n.<\/p>\n<\/div>\n<\/div>\n\n\n\n<div class=\"wp-block-column has-global-padding is-content-justification-center is-layout-constrained wp-container-core-column-is-layout-412b4476 wp-block-column-is-layout-constrained\" style=\"padding-bottom:2rem\">\n<div class=\"wp-block-group has-global-padding is-layout-constrained wp-container-core-group-is-layout-668d2085 wp-block-group-is-layout-constrained\">\n<figure class=\"wp-block-image aligncenter size-full is-resized\"><a href=\"https:\/\/databright.es\/index.php\/tarjetas-receptoras\/\"><img loading=\"lazy\" decoding=\"async\" width=\"1920\" height=\"1080\" src=\"https:\/\/databright.es\/wp-content\/uploads\/2024\/08\/data-bright-3.png\" alt=\"\" class=\"wp-image-69\" style=\"width:332px;height:auto\" srcset=\"https:\/\/databright.es\/wp-content\/uploads\/2024\/08\/data-bright-3.png 1920w, https:\/\/databright.es\/wp-content\/uploads\/2024\/08\/data-bright-3-300x169.png 300w, https:\/\/databright.es\/wp-content\/uploads\/2024\/08\/data-bright-3-1024x576.png 1024w, https:\/\/databright.es\/wp-content\/uploads\/2024\/08\/data-bright-3-768x432.png 768w, https:\/\/databright.es\/wp-content\/uploads\/2024\/08\/data-bright-3-1536x864.png 1536w\" sizes=\"auto, (max-width: 1920px) 100vw, 1920px\" \/><\/a><\/figure>\n\n\n\n<h5 class=\"wp-block-heading has-text-align-center has-text-color\" style=\"color:#000000;font-size:clamp(1.044rem, 1.044rem + ((1vw - 0.2rem) * 1.029), 1.61rem);font-style:normal;font-weight:600;line-height:1.4;text-transform:none\">TARJETAS RECEPTORAS<\/h5>\n<\/div>\n\n\n\n<div class=\"wp-block-group has-global-padding is-layout-constrained wp-container-core-group-is-layout-4f9f0532 wp-block-group-is-layout-constrained\">\n<p class=\"has-text-align-center has-text-color has-work-sans-regular-font-family\" style=\"color:#252525;margin-top:0rem;font-size:clamp(0.875rem, 0.875rem + ((1vw - 0.2rem) * 0.064), 0.91rem);font-style:normal;font-weight:400;line-height:1.5\">Confiables y eficientes, aseguran una transmisi\u00f3n de datos sin interrupciones para una visualizaci\u00f3n perfecta.<\/p>\n<\/div>\n<\/div>\n<\/div>\n<\/div>\n<\/div>\n\n\n\n<div class=\"wp-block-group alignfull has-global-padding is-layout-constrained wp-container-core-group-is-layout-1257c590 wp-block-group-is-layout-constrained\" style=\"margin-top:0;margin-bottom:0;padding-top:5.51rem;padding-right:1rem;padding-bottom:3rem;padding-left:1rem\">\n<div class=\"wp-block-group alignwide has-global-padding is-layout-constrained wp-container-core-group-is-layout-1cf432e6 wp-block-group-is-layout-constrained\" style=\"margin-top:1.01rem\">\n<div class=\"wp-block-columns alignwide is-layout-flex wp-container-core-columns-is-layout-85231905 wp-block-columns-is-layout-flex\">\n<div class=\"wp-block-column has-global-padding is-content-justification-center is-layout-constrained wp-container-core-column-is-layout-412b4476 wp-block-column-is-layout-constrained\" style=\"padding-bottom:2rem\">\n<div class=\"wp-block-group has-global-padding is-layout-constrained wp-container-core-group-is-layout-668d2085 wp-block-group-is-layout-constrained\">\n<figure class=\"wp-block-image aligncenter size-full is-resized\"><img loading=\"lazy\" decoding=\"async\" width=\"1920\" height=\"1080\" src=\"https:\/\/databright.es\/wp-content\/uploads\/2024\/08\/data-bright-4.png\" alt=\"\" class=\"wp-image-70\" style=\"width:374px;height:auto\" srcset=\"https:\/\/databright.es\/wp-content\/uploads\/2024\/08\/data-bright-4.png 1920w, https:\/\/databright.es\/wp-content\/uploads\/2024\/08\/data-bright-4-300x169.png 300w, https:\/\/databright.es\/wp-content\/uploads\/2024\/08\/data-bright-4-1024x576.png 1024w, https:\/\/databright.es\/wp-content\/uploads\/2024\/08\/data-bright-4-768x432.png 768w, https:\/\/databright.es\/wp-content\/uploads\/2024\/08\/data-bright-4-1536x864.png 1536w\" sizes=\"auto, (max-width: 1920px) 100vw, 1920px\" \/><\/figure>\n\n\n\n<h5 class=\"wp-block-heading has-text-align-center has-text-color\" style=\"color:#000000;font-size:clamp(1.044rem, 1.044rem + ((1vw - 0.2rem) * 1.029), 1.61rem);font-style:normal;font-weight:600;line-height:1.4;text-transform:none\">TRUSS<\/h5>\n<\/div>\n\n\n\n<div class=\"wp-block-group has-global-padding is-layout-constrained wp-container-core-group-is-layout-4f9f0532 wp-block-group-is-layout-constrained\">\n<p class=\"has-text-align-center has-text-color has-work-sans-regular-font-family\" style=\"color:#252525;margin-top:0rem;font-size:clamp(0.875rem, 0.875rem + ((1vw - 0.2rem) * 0.045), 0.9rem);font-style:normal;font-weight:400;line-height:1.5\">Dise\u00f1ado para soportar incluso las instalaciones m\u00e1s exigentes, ofrece estabilidad y facilidad de montaje.<\/p>\n<\/div>\n<\/div>\n\n\n\n<div class=\"wp-block-column has-global-padding is-layout-constrained wp-container-core-column-is-layout-a3af4fe5 wp-block-column-is-layout-constrained\" style=\"padding-bottom:2rem\">\n<div class=\"wp-block-group has-global-padding is-layout-constrained wp-container-core-group-is-layout-668d2085 wp-block-group-is-layout-constrained\">\n<figure class=\"wp-block-image aligncenter size-full is-resized\"><a href=\"https:\/\/databright.es\/index.php\/advertising-trailer\/\"><img loading=\"lazy\" decoding=\"async\" width=\"1920\" height=\"1080\" src=\"https:\/\/databright.es\/wp-content\/uploads\/2024\/08\/data-bright-6.png\" alt=\"\" class=\"wp-image-72\" style=\"width:356px;height:auto\" srcset=\"https:\/\/databright.es\/wp-content\/uploads\/2024\/08\/data-bright-6.png 1920w, https:\/\/databright.es\/wp-content\/uploads\/2024\/08\/data-bright-6-300x169.png 300w, https:\/\/databright.es\/wp-content\/uploads\/2024\/08\/data-bright-6-1024x576.png 1024w, https:\/\/databright.es\/wp-content\/uploads\/2024\/08\/data-bright-6-768x432.png 768w, https:\/\/databright.es\/wp-content\/uploads\/2024\/08\/data-bright-6-1536x864.png 1536w\" sizes=\"auto, (max-width: 1920px) 100vw, 1920px\" \/><\/a><\/figure>\n\n\n\n<h5 class=\"wp-block-heading has-text-align-center has-text-color\" style=\"color:#000000;font-size:clamp(1.044rem, 1.044rem + ((1vw - 0.2rem) * 1.029), 1.61rem);font-style:normal;font-weight:600;line-height:1.4;text-transform:none\">ADVERTISING TRAILER<\/h5>\n<\/div>\n\n\n\n<div class=\"wp-block-group has-global-padding is-layout-constrained wp-container-core-group-is-layout-4f9f0532 wp-block-group-is-layout-constrained\">\n<p class=\"has-text-align-center has-text-color has-work-sans-regular-font-family\" style=\"color:#252525;margin-top:0rem;font-size:clamp(0.875rem, 0.875rem + ((1vw - 0.2rem) * 0.064), 0.91rem);font-style:normal;font-weight:400;line-height:1.5\">Es la soluci\u00f3n m\u00f3vil perfecta para llevar tus pantallas LED a cualquier lugar.<br>Robusto y vers\u00e1til.<\/p>\n<\/div>\n<\/div>\n\n\n\n<div class=\"wp-block-column has-global-padding is-content-justification-center is-layout-constrained wp-container-core-column-is-layout-412b4476 wp-block-column-is-layout-constrained\" style=\"padding-bottom:2rem\">\n<div class=\"wp-block-group has-global-padding is-layout-constrained wp-container-core-group-is-layout-668d2085 wp-block-group-is-layout-constrained\">\n<figure class=\"wp-block-image aligncenter size-full is-resized\"><a href=\"https:\/\/databright.es\/index.php\/modular-structure\/\"><img loading=\"lazy\" decoding=\"async\" width=\"1920\" height=\"1080\" src=\"https:\/\/databright.es\/wp-content\/uploads\/2024\/08\/data-bright-5.png\" alt=\"\" class=\"wp-image-71\" style=\"width:380px;height:auto\" srcset=\"https:\/\/databright.es\/wp-content\/uploads\/2024\/08\/data-bright-5.png 1920w, https:\/\/databright.es\/wp-content\/uploads\/2024\/08\/data-bright-5-300x169.png 300w, https:\/\/databright.es\/wp-content\/uploads\/2024\/08\/data-bright-5-1024x576.png 1024w, https:\/\/databright.es\/wp-content\/uploads\/2024\/08\/data-bright-5-768x432.png 768w, https:\/\/databright.es\/wp-content\/uploads\/2024\/08\/data-bright-5-1536x864.png 1536w\" sizes=\"auto, (max-width: 1920px) 100vw, 1920px\" \/><\/a><\/figure>\n\n\n\n<h5 class=\"wp-block-heading has-text-align-center has-text-color\" style=\"color:#000000;font-size:clamp(1.044rem, 1.044rem + ((1vw - 0.2rem) * 1.029), 1.61rem);font-style:normal;font-weight:600;line-height:1.4;text-transform:none\">MODULAR STRUCTURE<\/h5>\n<\/div>\n\n\n\n<div class=\"wp-block-group has-global-padding is-layout-constrained wp-container-core-group-is-layout-4f9f0532 wp-block-group-is-layout-constrained\">\n<p class=\"has-text-align-center has-text-color has-work-sans-regular-font-family\" style=\"color:#252525;margin-top:0rem;font-size:clamp(0.875rem, 0.875rem + ((1vw - 0.2rem) * 0.064), 0.91rem);font-style:normal;font-weight:400;line-height:1.5\">F\u00e1cil de ensamblar y configurar, ofrece flexibilidad y durabilidad para adaptarse a cualquier proyecto.<\/p>\n<\/div>\n<\/div>\n<\/div>\n<\/div>\n<\/div>\n\n\n\n<p><\/p>\n","protected":false},"excerpt":{"rendered":"<p>CONTROLADORAS Garantizan el m\u00e1ximo rendimiento y una visualizaci\u00f3n impecable en tus pantallas LED. FUENTES Dise\u00f1ados para maximizar la eficiencia, garantizan una operaci\u00f3n sin fallos en cualquier instalaci\u00f3n. TARJETAS RECEPTORAS Confiables y eficientes, aseguran una transmisi\u00f3n de datos sin interrupciones para una visualizaci\u00f3n perfecta. TRUSS Dise\u00f1ado para soportar incluso las instalaciones m\u00e1s exigentes, ofrece estabilidad y [&hellip;]<\/p>\n","protected":false},"author":1,"featured_media":8,"parent":0,"menu_order":0,"comment_status":"closed","ping_status":"closed","template":"","meta":{"footnotes":""},"class_list":["post-65","page","type-page","status-publish","has-post-thumbnail","hentry"],"_links":{"self":[{"href":"https:\/\/databright.es\/index.php\/wp-json\/wp\/v2\/pages\/65","targetHints":{"allow":["GET"]}}],"collection":[{"href":"https:\/\/databright.es\/index.php\/wp-json\/wp\/v2\/pages"}],"about":[{"href":"https:\/\/databright.es\/index.php\/wp-json\/wp\/v2\/types\/page"}],"author":[{"embeddable":true,"href":"https:\/\/databright.es\/index.php\/wp-json\/wp\/v2\/users\/1"}],"replies":[{"embeddable":true,"href":"https:\/\/databright.es\/index.php\/wp-json\/wp\/v2\/comments?post=65"}],"version-history":[{"count":11,"href":"https:\/\/databright.es\/index.php\/wp-json\/wp\/v2\/pages\/65\/revisions"}],"predecessor-version":[{"id":229,"href":"https:\/\/databright.es\/index.php\/wp-json\/wp\/v2\/pages\/65\/revisions\/229"}],"wp:featuredmedia":[{"embeddable":true,"href":"https:\/\/databright.es\/index.php\/wp-json\/wp\/v2\/media\/8"}],"wp:attachment":[{"href":"https:\/\/databright.es\/index.php\/wp-json\/wp\/v2\/media?parent=65"}],"curies":[{"name":"wp","href":"https:\/\/api.w.org\/{rel}","templated":true}]}}